{"id":8,"date":"2021-02-15T18:34:31","date_gmt":"2021-02-15T17:34:31","guid":{"rendered":"http:\/\/ctmandarins.ovh\/?page_id=8"},"modified":"2026-01-19T15:31:44","modified_gmt":"2026-01-19T14:31:44","slug":"contact","status":"publish","type":"page","link":"https:\/\/ctmandarins.ovh\/index.php\/contact\/","title":{"rendered":"Contacts"},"content":{"rendered":"\n<p class=\"has-vivid-red-color has-text-color\"><strong>Pour tout renseignement, merci de contacter les membres du bureau :<\/strong><\/p>\n\n\n\n<p><strong>Pr\u00e9sident<\/strong> : Laurent KEMPENICH <\/p>\n\n\n\n<p><strong>Secr\u00e9taire<\/strong> : Jean-Pierre BUGAREL <\/p>\n\n\n\n<p><strong>Tr\u00e9sorier <\/strong>: Gilles CHESTERMAN<\/p>\n\n\n\n<p><strong>Email CTM : ctmandarins@gmail.com<\/strong><\/p>\n\n\n\n<p><\/p>\n","protected":false},"excerpt":{"rendered":"<p>Pour tout renseignement, merci de contacter les membres du bureau : Pr\u00e9sident : Laurent KEMPENICH Secr\u00e9taire : Jean-Pierre BUGAREL Tr\u00e9sorier : Gilles CHESTERMAN Email CTM : ctmandarins@gmail.com<\/p>\n","protected":false},"author":1,"featured_media":0,"parent":0,"menu_order":0,"comment_status":"closed","ping_status":"closed","template":"","meta":{"footnotes":""},"class_list":["post-8","page","type-page","status-publish","hentry"],"_links":{"self":[{"href":"https:\/\/ctmandarins.ovh\/index.php\/wp-json\/wp\/v2\/pages\/8","targetHints":{"allow":["GET"]}}],"collection":[{"href":"https:\/\/ctmandarins.ovh\/index.php\/wp-json\/wp\/v2\/pages"}],"about":[{"href":"https:\/\/ctmandarins.ovh\/index.php\/wp-json\/wp\/v2\/types\/page"}],"author":[{"embeddable":true,"href":"https:\/\/ctmandarins.ovh\/index.php\/wp-json\/wp\/v2\/users\/1"}],"replies":[{"embeddable":true,"href":"https:\/\/ctmandarins.ovh\/index.php\/wp-json\/wp\/v2\/comments?post=8"}],"version-history":[{"count":12,"href":"https:\/\/ctmandarins.ovh\/index.php\/wp-json\/wp\/v2\/pages\/8\/revisions"}],"predecessor-version":[{"id":394,"href":"https:\/\/ctmandarins.ovh\/index.php\/wp-json\/wp\/v2\/pages\/8\/revisions\/394"}],"wp:attachment":[{"href":"https:\/\/ctmandarins.ovh\/index.php\/wp-json\/wp\/v2\/media?parent=8"}],"curies":[{"name":"wp","href":"https:\/\/api.w.org\/{rel}","templated":true}]}}