{"id":364,"date":"2026-01-16T17:16:32","date_gmt":"2026-01-16T16:16:32","guid":{"rendered":"https:\/\/ctmandarins.ovh\/?page_id=364"},"modified":"2026-01-16T21:00:05","modified_gmt":"2026-01-16T20:00:05","slug":"accueil","status":"publish","type":"page","link":"https:\/\/ctmandarins.ovh\/","title":{"rendered":"Accueil"},"content":{"rendered":"\n<p><strong>L<\/strong>e Club Technique du Mandarin a \u00e9t\u00e9 cr\u00e9\u00e9 le 23 d\u00e9cembre 1990, \u00e0 l&rsquo;initiative de Jean DARMAGNAC, Marcel BRIOT et Elvis BOUCHEZ qui ont mis en place cette structure technique permettant l\u2019\u00e9tude et la promotion du Diamant Mandarin en France.<\/p>\n\n\n\n<p>Le CTM est affili\u00e9 \u00e0 l\u2019UOF (Union Ornithologique de France). Il est ouvert \u00e0 tous les \u00e9leveurs fran\u00e7ais et \u00e9trangers, de mandarins quelles que soient leurs f\u00e9d\u00e9rations.<\/p>\n\n\n\n<p>Le CTM participe, avec les juges de la CNJF, (Commission Nationale de Juges de France) \u00e0 l\u2019\u00e9laboration des standards.<\/p>\n\n\n\n<p>Le CTM organise tous les ans, \u00e0 LIGINIAC, en Haute Corr\u00e8ze, le week-end de Toussaint, le festival CTM. Cette manifestation regroupe les \u00e9leveurs de mandarins et reste le plus grand rassemblement de Diamants Mandarins en France. En 2019, le CTM \u00e0 organis\u00e9 le premier Championnat d&rsquo;Europe du Diamant Mandarin COM.<\/p>\n\n\n\n<figure class=\"wp-block-image size-large\"><img loading=\"lazy\" decoding=\"async\" width=\"728\" height=\"1024\" src=\"https:\/\/ctmandarins.ovh\/wp-content\/uploads\/2026\/01\/La-Gazette-du-CTM-oct-2025-728x1024.jpeg\" alt=\"\" class=\"wp-image-366\" srcset=\"https:\/\/ctmandarins.ovh\/wp-content\/uploads\/2026\/01\/La-Gazette-du-CTM-oct-2025-728x1024.jpeg 728w, https:\/\/ctmandarins.ovh\/wp-content\/uploads\/2026\/01\/La-Gazette-du-CTM-oct-2025-213x300.jpeg 213w, https:\/\/ctmandarins.ovh\/wp-content\/uploads\/2026\/01\/La-Gazette-du-CTM-oct-2025-768x1080.jpeg 768w, https:\/\/ctmandarins.ovh\/wp-content\/uploads\/2026\/01\/La-Gazette-du-CTM-oct-2025-1092x1536.jpeg 1092w, https:\/\/ctmandarins.ovh\/wp-content\/uploads\/2026\/01\/La-Gazette-du-CTM-oct-2025.jpeg 1125w\" sizes=\"auto, (max-width: 728px) 100vw, 728px\" \/><\/figure>\n\n\n\n<ul class=\"wp-block-social-links is-layout-flex wp-block-social-links-is-layout-flex\"><li class=\"wp-social-link wp-social-link-facebook  wp-block-social-link\"><a href=\"https:\/\/www.facebook.com\/share\/g\/17S44Ht3uU\/?mibextid=wwXIfr\" class=\"wp-block-social-link-anchor\"><svg width=\"24\" height=\"24\" viewBox=\"0 0 24 24\" version=\"1.1\" xmlns=\"http:\/\/www.w3.org\/2000\/svg\" aria-hidden=\"true\" focusable=\"false\"><path d=\"M12 2C6.5 2 2 6.5 2 12c0 5 3.7 9.1 8.4 9.9v-7H7.9V12h2.5V9.8c0-2.5 1.5-3.9 3.8-3.9 1.1 0 2.2.2 2.2.2v2.5h-1.3c-1.2 0-1.6.8-1.6 1.6V12h2.8l-.4 2.9h-2.3v7C18.3 21.1 22 17 22 12c0-5.5-4.5-10-10-10z\"><\/path><\/svg><span class=\"wp-block-social-link-label screen-reader-text\">Facebook<\/span><\/a><\/li>\n\n\n\n<\/ul>\n\n\n\n<p><\/p>\n","protected":false},"excerpt":{"rendered":"<p>Le Club Technique du Mandarin a \u00e9t\u00e9 cr\u00e9\u00e9 le 23 d\u00e9cembre 1990, \u00e0 l&rsquo;initiative de Jean DARMAGNAC, Marcel BRIOT et Elvis BOUCHEZ qui ont mis en place cette structure technique permettant l\u2019\u00e9tude et la promotion du Diamant Mandarin en France. Le CTM est affili\u00e9 \u00e0 l\u2019UOF (Union Ornithologique de France). Il est ouvert \u00e0 tous &hellip; <\/p>\n<p class=\"link-more\"><a href=\"https:\/\/ctmandarins.ovh\/\" class=\"more-link\">Continuer la lecture<span class=\"screen-reader-text\"> de &laquo;&nbsp;Accueil&nbsp;&raquo;<\/span><\/a><\/p>\n","protected":false},"author":1,"featured_media":0,"parent":0,"menu_order":0,"comment_status":"closed","ping_status":"closed","template":"","meta":{"footnotes":""},"class_list":["post-364","page","type-page","status-publish","hentry"],"_links":{"self":[{"href":"https:\/\/ctmandarins.ovh\/index.php\/wp-json\/wp\/v2\/pages\/364","targetHints":{"allow":["GET"]}}],"collection":[{"href":"https:\/\/ctmandarins.ovh\/index.php\/wp-json\/wp\/v2\/pages"}],"about":[{"href":"https:\/\/ctmandarins.ovh\/index.php\/wp-json\/wp\/v2\/types\/page"}],"author":[{"embeddable":true,"href":"https:\/\/ctmandarins.ovh\/index.php\/wp-json\/wp\/v2\/users\/1"}],"replies":[{"embeddable":true,"href":"https:\/\/ctmandarins.ovh\/index.php\/wp-json\/wp\/v2\/comments?post=364"}],"version-history":[{"count":4,"href":"https:\/\/ctmandarins.ovh\/index.php\/wp-json\/wp\/v2\/pages\/364\/revisions"}],"predecessor-version":[{"id":371,"href":"https:\/\/ctmandarins.ovh\/index.php\/wp-json\/wp\/v2\/pages\/364\/revisions\/371"}],"wp:attachment":[{"href":"https:\/\/ctmandarins.ovh\/index.php\/wp-json\/wp\/v2\/media?parent=364"}],"curies":[{"name":"wp","href":"https:\/\/api.w.org\/{rel}","templated":true}]}}