{"id":146,"date":"2021-04-20T08:37:17","date_gmt":"2021-04-20T06:37:17","guid":{"rendered":"http:\/\/ctmandarins.ovh\/?page_id=146"},"modified":"2026-01-19T15:33:45","modified_gmt":"2026-01-19T14:33:45","slug":"bulletin-dadhesion-ctm-2021","status":"publish","type":"page","link":"https:\/\/ctmandarins.ovh\/index.php\/bulletin-dadhesion-ctm-2021\/","title":{"rendered":"Bulletin d&rsquo;adh\u00e9sion CTM 2026"},"content":{"rendered":"\n<p>Pour votre adh\u00e9sion 2026, merci de remplir le document ci-joint, <\/p>\n\n\n\n<p>A renvoyer  accompagn\u00e9 du r\u00e8glement au Tr\u00e9sorier :<\/p>\n\n\n\n<p>Gilles CHESTERMAN<\/p>\n\n\n\n<p>8 Montbraud<\/p>\n\n\n\n<p>23290 FURSAC<\/p>\n\n\n\n<div data-wp-interactive=\"core\/file\" class=\"wp-block-file\"><object data-wp-bind--hidden=\"!state.hasPdfPreview\" hidden class=\"wp-block-file__embed\" data=\"https:\/\/ctmandarins.ovh\/wp-content\/uploads\/2026\/01\/BULLETIN-ADHESION-2026.pdf\" type=\"application\/pdf\" style=\"width:100%;height:600px\" aria-label=\"Contenu embarqu\u00e9 BULLETIN ADHESION 2026.\"><\/object><a id=\"wp-block-file--media-a19b0506-9b0d-4c45-b1e2-ae794d2c395b\" href=\"https:\/\/ctmandarins.ovh\/wp-content\/uploads\/2026\/01\/BULLETIN-ADHESION-2026.pdf\">BULLETIN ADHESION 2026<\/a><a href=\"https:\/\/ctmandarins.ovh\/wp-content\/uploads\/2026\/01\/BULLETIN-ADHESION-2026.pdf\" class=\"wp-block-file__button wp-element-button\" download aria-describedby=\"wp-block-file--media-a19b0506-9b0d-4c45-b1e2-ae794d2c395b\">T\u00e9l\u00e9charger<\/a><\/div>\n\n\n\n<p><\/p>\n","protected":false},"excerpt":{"rendered":"<p>Pour votre adh\u00e9sion 2026, merci de remplir le document ci-joint, A renvoyer accompagn\u00e9 du r\u00e8glement au Tr\u00e9sorier : Gilles CHESTERMAN 8 Montbraud 23290 FURSAC<\/p>\n","protected":false},"author":1,"featured_media":0,"parent":0,"menu_order":0,"comment_status":"closed","ping_status":"closed","template":"","meta":{"footnotes":""},"class_list":["post-146","page","type-page","status-publish","hentry"],"_links":{"self":[{"href":"https:\/\/ctmandarins.ovh\/index.php\/wp-json\/wp\/v2\/pages\/146","targetHints":{"allow":["GET"]}}],"collection":[{"href":"https:\/\/ctmandarins.ovh\/index.php\/wp-json\/wp\/v2\/pages"}],"about":[{"href":"https:\/\/ctmandarins.ovh\/index.php\/wp-json\/wp\/v2\/types\/page"}],"author":[{"embeddable":true,"href":"https:\/\/ctmandarins.ovh\/index.php\/wp-json\/wp\/v2\/users\/1"}],"replies":[{"embeddable":true,"href":"https:\/\/ctmandarins.ovh\/index.php\/wp-json\/wp\/v2\/comments?post=146"}],"version-history":[{"count":7,"href":"https:\/\/ctmandarins.ovh\/index.php\/wp-json\/wp\/v2\/pages\/146\/revisions"}],"predecessor-version":[{"id":302,"href":"https:\/\/ctmandarins.ovh\/index.php\/wp-json\/wp\/v2\/pages\/146\/revisions\/302"}],"wp:attachment":[{"href":"https:\/\/ctmandarins.ovh\/index.php\/wp-json\/wp\/v2\/media?parent=146"}],"curies":[{"name":"wp","href":"https:\/\/api.w.org\/{rel}","templated":true}]}}